{"id":522,"date":"2022-11-06T10:45:06","date_gmt":"2022-11-06T10:45:06","guid":{"rendered":"https:\/\/staging.internationalproblems.rs\/?page_id=522"},"modified":"2024-11-13T15:25:41","modified_gmt":"2024-11-13T15:25:41","slug":"o-casopisu","status":"publish","type":"page","link":"https:\/\/staging.internationalproblems.rs\/sr-latn\/o-casopisu\/","title":{"rendered":"O \u010dasopisu"},"content":{"rendered":"\n<h2 class=\"wp-block-heading\">O \u010dasopisu<\/h2>\n\n\n\n<p class=\"im_para has-medium-font-size\">Nau\u010dni \u010dasopis \u201eMe\u0111unarodni problemi\/International Problems\u201c predstavl\u0458a najstariju akademsku publikaciju tog tipa u domenu me\u0111unarodnih odnosa u Srbiji, ali i u regionu. \u010casopis se kontinuirano objavljuje od 1949. godine. Ministarstvo nauke, tehnolo\u0161kog razvoja i inovacija Republike Srbije kategori\u0161e ga kao \u201eme\u0111unarodni \u010dasopis\u201c (M23). \u010casopis se izdaje uz podr\u0161ku Ministarstva nauke, tehnolo\u0161kog razvoja i inovacija.<\/p>\n\n\n\n<p class=\"im_para has-medium-font-size\">\u010casopis objavl\u0458uje originalne nau\u010dne radove, pregledne nau\u010dne radove i prikaze knjiga i nau\u010dnih konferencija na srpskom i na engleskom jeziku. Autori radova poti\u010du iz akademske zajednice u naj\u0161irem smislu (predava\u010di, istra\u017eiva\u010di, studenti na vi\u0161im nivoima studija). Dinamika objavl\u0458ivanja je kvartalna (4 izdanja po godini), a fokus je na nau\u010dnim istra\u017eivanjima iz oblasti me\u0111unarodnih odnosa, me\u0111unarodne bezbednosti, me\u0111unarodnog prava i studija globalizacije. Okvirna dinamika objavljivanja je tromese\u010dna: mart, jun, septembar i decembar.<\/p>\n\n\n\n<p class=\"im_para has-medium-font-size\">\u201cMe\u0111unarodni problemi\u201d su usmereni prema specifi\u010dnim ciljnim grupama \u2013 istra\u017eiva\u010dkim organizacijama, visoko\u0161kolskim institucijama, bibliotekama, vladinim organizacijama, korporacijama, me\u0111unarodnim organizacijama, organizacijama civilnog dru\u0161tva, medijima, kao i zna\u010dajnom broju donosioca odluka, diplomatama, istra\u017eiva\u010dima, pripadnicima akademske zajednice i postdiplomskim studentima. \u00a0\u010casopis je uklju\u010den u:\u00a0<a href=\"https:\/\/doaj.org\/toc\/2406-0690\" target=\"_blank\" rel=\"noreferrer noopener\">DOAJ<\/a>\u00a0(Directory of Open Access Journals),\u00a0<a href=\"https:\/\/kanalregister.hkdir.no\/publiseringskanaler\/erihplus\/periodical\/info?id=505094\" target=\"_blank\" rel=\"noreferrer noopener\">ERIH PLUS<\/a>,\u00a0<a href=\"https:\/\/www.ceeol.com\/search\/journal-detail?id=2782\" target=\"_blank\" rel=\"noreferrer noopener\">CEEOL<\/a>,\u00a0<a href=\"https:\/\/www.crossref.org\/titleList\/\" target=\"_blank\" rel=\"noreferrer noopener\">Crossref<\/a>,\u00a0<a href=\"https:\/\/scholar.google.com\/scholar?hl=en&amp;as_sdt=0%2C5&amp;q=source%3A+%22Medjunarodni+problemi%22&amp;btnG=\" target=\"_blank\" rel=\"noreferrer noopener\">Google Scholar<\/a>,\u00a0<a href=\"https:\/\/research.ebsco.com\/c\/t5pbtn\/search\/publication-results?id=767164&amp;limiters=None&amp;q=Medjunarodni%20Problemi%20%3D%20International%20problems\" target=\"_blank\" rel=\"noopener\" title=\"\">Kobson<\/a>,\u00a0<a href=\"https:\/\/www.worldcat.org\/title\/2264000\" target=\"_blank\" rel=\"noreferrer noopener\">WorldCat<\/a>,\u00a0<a href=\"https:\/\/www.scilit.net\/sources\/35513\" target=\"_blank\" rel=\"noopener\" title=\"\">Scilit<\/a>,\u00a0<a href=\"https:\/\/plus.cobiss.net\/cobiss\/sr\/sr\/bib\/search?q=m%D0%B5%D1%92%D1%83%D0%BD%D0%B0%D1%80%D0%BE%D0%B4%D0%BD%D0%B8+%D0%BF%D1%80%D0%BE%D0%B1%D0%BB%D0%B5%D0%BC%D0%B8&amp;db=cobib&amp;mat=allmaterials\" target=\"_blank\" rel=\"noreferrer noopener\">Cobiss<\/a>,\u00a0<a href=\"https:\/\/www.base-search.net\/Search\/Results?lookfor=medjunarodni+problemi&amp;name=&amp;oaboost=1&amp;newsearch=1&amp;refid=dcbasen\" target=\"_blank\" rel=\"noreferrer noopener\">Bielefeld Academic Search Engine (BASE)<\/a>,\u00a0<a href=\"https:\/\/hollis.harvard.edu\/primo-explore\/search?query=any,contains,Medjunarodni%20problemi&amp;tab=everything&amp;search_scope=everything&amp;vid=HVD2&amp;lang=en_US&amp;offset=0\" target=\"_blank\" rel=\"noreferrer noopener\">HARVARD Library (HOLLIS+)<\/a>,\u00a0<a href=\"https:\/\/www.semanticscholar.org\/search?q=medjunarodni%20problemi&amp;sort=relevance\" target=\"_blank\" rel=\"noreferrer noopener\">Semantic Scholar<\/a>,\u00a0<a href=\"https:\/\/ezb.uni-regensburg.de\/detail.phtml?bibid=ULBMS&amp;colors=7&amp;lang=en&amp;jour_id=159147\" target=\"_blank\" rel=\"noreferrer noopener\">ULB Muenster Electronic Journals Library<\/a>,\u00a0<a href=\"https:\/\/reseau-mirabel.info\/revue\/2926\/Medjunarodni-Problemi-International-problems\" target=\"_blank\" rel=\"noreferrer noopener\">Mir@bel<\/a>,\u00a0<a href=\"https:\/\/www.osmikon.de\/osmikonsearch\/Search\/Results?filter%5B%5D=%7Ecol_id%3A%22bvdhb%22&amp;filter%5B%5D=%7Ecol_id%3A%22hebisHI%22&amp;filter%5B%5D=%7Ecol_id%3A%22wao%22&amp;filter%5B%5D=subject_facet%3A%22Europ%C3%A4ische+Union%22&amp;filter%5B%5D=language%3A%22srp%22&amp;type=AllFields\" target=\"_blank\" rel=\"noopener\" title=\"\">Osmikon<\/a>,\u00a0<a href=\"http:\/\/ezb.ur.de\/ezeit\/searchres.phtml?bibid=WZB&amp;colors=3&amp;lang=en&amp;jq_type1=QS&amp;jq_term1=medjunarodni+problemi\" target=\"_blank\" rel=\"noreferrer noopener\">Electronic Journals Library \u2013 Social Science Research Center Berlin<\/a>,\u00a0<a href=\"http:\/\/ezb.ur.de\/ezeit\/searchres.phtml?bibid=UBL&amp;colors=7&amp;lang=en&amp;jq_type1=QS&amp;jq_term1=medjunarodni+problemi\" target=\"_blank\" rel=\"noreferrer noopener\">Electronic Journals Library \u2013 University Library of Leipzig<\/a>,\u00a0<a href=\"https:\/\/ezb.uni-regensburg.de\/searchres.phtml?bibid=GIGA&amp;colors=7&amp;lang=de&amp;jq_type1=QS&amp;jq_term1=medjunarodni+problemi\" target=\"_blank\" rel=\"noreferrer noopener\">Electronic Journals Library \u2013 GIGA German Institute of Global and Area Studies \u2013 Information Centre, Hamburg<\/a>,\u00a0<a href=\"http:\/\/ezb.uni-regensburg.de\/searchres.phtml?bibid=BSB&amp;colors=7&amp;lang=de&amp;jq_type1=QS&amp;jq_term1=medjunarodni+problemi\" target=\"_blank\" rel=\"noreferrer noopener\">Electronic Journals Library \u2013 Bayerische Staatsbibliothek M\u00fcnchen<\/a>,\u00a0<a href=\"https:\/\/www.nira.or.jp\/network\/ttlinke2.html?_ga=2.24309948.703727600.1673608312-553585070.1673608312#SerbiaandMontenegro\" target=\"_blank\" rel=\"noreferrer noopener\">NIRA<\/a>,\u00a0<a href=\"https:\/\/plus.cobiss.net\/cobiss\/um\/sl\/bib\/search?q=Medjunarodni+problemi&amp;db=um&amp;mat=allmaterials&amp;ds=true&amp;start=0\" target=\"_blank\" rel=\"noreferrer noopener\">Digital Library of University of Maribor<\/a>,\u00a0<a href=\"https:\/\/onesearch.library.nd.edu\/primo-explore\/fulldisplay?docid=ndu_aleph000881255&amp;context=L&amp;vid=NDU&amp;lang=en_US&amp;search_scope=malc_blended&amp;adaptor=Local%20Search%20Engine&amp;tab=onesearch&amp;query=any,contains,international%20problems&amp;mode=basic\" target=\"_blank\" rel=\"noopener\" title=\"\">Hesburgh Libraries, University of Notre Dame<\/a>,\u00a0<a href=\"https:\/\/www.bing.com\/search?q=medjunarodni+problemi&amp;qs=n&amp;form=QBRE&amp;sp=-1&amp;pq=medjunarodni+pro&amp;sc=9-16&amp;sk=&amp;cvid=265ED0E000D246CB8C6C4B2EC2EC50F4&amp;ghsh=0&amp;ghacc=0&amp;ghpl=\" target=\"_blank\" rel=\"noreferrer noopener\">Microsoft Bing<\/a>,\u00a0<a href=\"https:\/\/find.bibliothek.tu-ilmenau.de\/Search\/Results?lookfor=Medjunarodni+problemi&amp;type=AllFields\" target=\"_blank\" rel=\"noreferrer noopener\">Universit\u00e4tsbibliothek Ilmenau<\/a>,\u00a0<a href=\"https:\/\/xueshu.baidu.com\/s?wd=medjunarodni+problemi&amp;ie=utf-8&amp;tn=SE_baiduxueshu_c1gjeupa&amp;sc_from=&amp;sc_as_para=sc_lib%3A&amp;rsv_sug2=0\" target=\"_blank\" rel=\"noreferrer noopener\">Baidu<\/a>,\u00a0<a href=\"https:\/\/www.wikidata.org\/wiki\/Q96729174\" target=\"_blank\" rel=\"noreferrer noopener\">Wikidata<\/a>,\u00a0<a href=\"https:\/\/www.ipsa.org\/sites\/default\/files\/2018-10\/Periodicals%20list.pdf\" target=\"_blank\" rel=\"noreferrer noopener\">International Political Science Abstracts\u00a0<\/a>i druge baze u domenu me\u0111unarodnih odnosa.<\/p>\n\n\n\n<p class=\"im_para has-medium-font-size\">\u010casopis se rukovodi principima otvorenog pristupa. Rukopisi se objavl\u0458uju besplatno, tj. bez bilo kakvih (direktnih i indirektnih) tro\u0161kova za autore.<\/p>\n","protected":false},"excerpt":{"rendered":"<p>O \u010dasopisu Nau\u010dni \u010dasopis \u201eMe\u0111unarodni problemi\/International Problems\u201c predstavl\u0458a najstariju akademsku publikaciju tog tipa u domenu me\u0111unarodnih odnosa u Srbiji, ali i u regionu. \u010casopis se kontinuirano objavljuje od 1949. godine. Ministarstvo nauke, tehnolo\u0161kog razvoja i inovacija Republike Srbije kategori\u0161e ga kao \u201eme\u0111unarodni \u010dasopis\u201c (M23). \u010casopis se izdaje uz podr\u0161ku Ministarstva nauke, tehnolo\u0161kog razvoja i inovacija. [&hellip;]<\/p>\n","protected":false},"author":1,"featured_media":0,"parent":0,"menu_order":0,"comment_status":"closed","ping_status":"closed","template":"","meta":{"_monsterinsights_skip_tracking":false,"_monsterinsights_sitenote_active":false,"_monsterinsights_sitenote_note":"","_monsterinsights_sitenote_category":0,"_themeisle_gutenberg_block_has_review":false,"footnotes":""},"class_list":["post-522","page","type-page","status-publish","hentry"],"blocksy_meta":{"styles_descriptor":{"styles":{"desktop":"","tablet":"","mobile":""},"google_fonts":[],"version":6}},"aioseo_notices":[],"_links":{"self":[{"href":"https:\/\/staging.internationalproblems.rs\/sr-latn\/wp-json\/wp\/v2\/pages\/522","targetHints":{"allow":["GET"]}}],"collection":[{"href":"https:\/\/staging.internationalproblems.rs\/sr-latn\/wp-json\/wp\/v2\/pages"}],"about":[{"href":"https:\/\/staging.internationalproblems.rs\/sr-latn\/wp-json\/wp\/v2\/types\/page"}],"author":[{"embeddable":true,"href":"https:\/\/staging.internationalproblems.rs\/sr-latn\/wp-json\/wp\/v2\/users\/1"}],"replies":[{"embeddable":true,"href":"https:\/\/staging.internationalproblems.rs\/sr-latn\/wp-json\/wp\/v2\/comments?post=522"}],"version-history":[{"count":17,"href":"https:\/\/staging.internationalproblems.rs\/sr-latn\/wp-json\/wp\/v2\/pages\/522\/revisions"}],"predecessor-version":[{"id":1839,"href":"https:\/\/staging.internationalproblems.rs\/sr-latn\/wp-json\/wp\/v2\/pages\/522\/revisions\/1839"}],"wp:attachment":[{"href":"https:\/\/staging.internationalproblems.rs\/sr-latn\/wp-json\/wp\/v2\/media?parent=522"}],"curies":[{"name":"wp","href":"https:\/\/api.w.org\/{rel}","templated":true}]}}