{"id":595,"date":"2022-11-06T19:04:22","date_gmt":"2022-11-06T19:04:22","guid":{"rendered":"https:\/\/staging.internationalproblems.rs\/?page_id=595"},"modified":"2024-01-15T08:37:43","modified_gmt":"2024-01-15T08:37:43","slug":"uredivacka-politika","status":"publish","type":"page","link":"https:\/\/staging.internationalproblems.rs\/sr-latn\/uredivacka-politika\/","title":{"rendered":"Ure\u0111iva\u010dka politika"},"content":{"rendered":"\n<div id=\"wp-block-themeisle-blocks-advanced-columns-2c6d5708\" class=\"wp-block-themeisle-blocks-advanced-columns has-1-columns has-desktop-equal-layout has-tablet-equal-layout has-mobile-equal-layout has-vertical-unset\"><div class=\"wp-block-themeisle-blocks-advanced-columns-overlay\"><\/div><div class=\"innerblocks-wrap\">\n<div id=\"wp-block-themeisle-blocks-advanced-column-406a7906\" class=\"wp-block-themeisle-blocks-advanced-column\"><\/div>\n<\/div><\/div>\n\n\n\n<h2 class=\"wp-block-heading\">Ure\u0111iva\u010dka politika, opseg i ciljevi<\/h2>\n\n\n\n<p class=\"im_para has-medium-font-size\"><em>Me\u0111unarodni problemi<\/em>\/<em>International Problems<\/em> je najstariji nau\u010dni \u010dasopis u Srbiji i na Balkanu posve\u0107en me\u0111unarodnim odnosima. Prvi broj je objavljen u aprilu 1949. godine, samo godinu dana nakon po\u010detka rada njegovog izdava\u010da \u2013 Instituta za me\u0111unarodnu politiku i privredu iz Beograda. Objavljuje se na kvartalnoj bazi i kategorisan je kod resornog ministarstva kao me\u0111unarodni \u010dasopis (M23).<\/p>\n\n\n\n<p class=\"im_para has-medium-font-size\"><em>Me\u0111unarodni problemi<\/em> objavljuju rezultate nau\u010dnih istra\u017eivanja iz oblasti me\u0111unarodnih odnosa, me\u0111unarodne bezbednosti, me\u0111unarodnog prava i studija globalizacije. Me\u0111unarodni problemi objavljuju originalne i pregledne nau\u010dne radove i prikaze knjiga, na srpskom ili engleskom jeziku, koji prethodno nisu nigde objavljeni niti se nalaze u postupku razmatranja za objavljivanje u nekoj drugoj publikaciji. Me\u0111unarodni problemi ne objavljuju stru\u010dne radove, analiti\u010dke komentare niti predloge javnih politika, pa Vas najljubaznije molimo da ne \u0161aljete te vrste \u010dlanaka.<\/p>\n\n\n\n<p class=\"im_para has-medium-font-size\">Ure\u0111iva\u010dki odbor daje prednost analizi kontroverznih pitanja savremene teorije i prakse me\u0111unarodnih odnosa uz po\u0161tovanje bogatstva disciplinarnih i saznajnih perspektiva. Bez zastupanja konkretnog politi\u010dkog i teorijsko-metodolo\u0161kog stanovi\u0161ta, a sa namerom da podstakne obuhvatniji nau\u010dni dijalog o ubrzanim promenama u svetskoj politici u 21. veku, Ure\u0111iva\u010dki odbor smatra da su prioritetne slede\u0107e tematske celine:<\/p>\n\n\n\n<ul class=\"has-medium-font-size wp-block-list\">\n<li>Preobra\u017eaj prirode svetske politike u ranom 21. veku;<\/li>\n\n\n\n<li>Fenomenologija i praksa transnacionalnosti i kosmopolitizma;<\/li>\n\n\n\n<li>Problemi institucionalizacije me\u0111unarodnih odnosa;<\/li>\n\n\n\n<li>Razli\u010dita teorijska tuma\u010denja aktuelnih globalnih procesa;<\/li>\n\n\n\n<li>Kontroverzna pitanja upotrebe spoljnopoliti\u010dkih instrumenata vode\u0107ih globalnih aktera;<\/li>\n\n\n\n<li>Uticaj naprednih tehnologija \u010cetvrte industrijske revolucije na oblikovanje me\u0111unarodnih odnosa u 21. veku;<\/li>\n\n\n\n<li>Civilizacija, religija i identitet u kontekstu svetske politike i globalizacije;<\/li>\n\n\n\n<li>Konceptualni i metodolo\u0161ki iskoraci izvan tradicionalnog epistemolo\u0161kog okvira nau\u010dne discipline me\u0111unarodnih odnosa;<\/li>\n<\/ul>\n","protected":false},"excerpt":{"rendered":"<p>Ure\u0111iva\u010dka politika, opseg i ciljevi Me\u0111unarodni problemi\/International Problems je najstariji nau\u010dni \u010dasopis u Srbiji i na Balkanu posve\u0107en me\u0111unarodnim odnosima. Prvi broj je objavljen u aprilu 1949. godine, samo godinu dana nakon po\u010detka rada njegovog izdava\u010da \u2013 Instituta za me\u0111unarodnu politiku i privredu iz Beograda. Objavljuje se na kvartalnoj bazi i kategorisan je kod resornog [&hellip;]<\/p>\n","protected":false},"author":1,"featured_media":0,"parent":0,"menu_order":0,"comment_status":"closed","ping_status":"closed","template":"","meta":{"_monsterinsights_skip_tracking":false,"_monsterinsights_sitenote_active":false,"_monsterinsights_sitenote_note":"","_monsterinsights_sitenote_category":0,"_themeisle_gutenberg_block_has_review":false,"footnotes":""},"class_list":["post-595","page","type-page","status-publish","hentry"],"blocksy_meta":{"styles_descriptor":{"styles":{"desktop":"","tablet":"","mobile":""},"google_fonts":[],"version":6}},"aioseo_notices":[],"_links":{"self":[{"href":"https:\/\/staging.internationalproblems.rs\/sr-latn\/wp-json\/wp\/v2\/pages\/595","targetHints":{"allow":["GET"]}}],"collection":[{"href":"https:\/\/staging.internationalproblems.rs\/sr-latn\/wp-json\/wp\/v2\/pages"}],"about":[{"href":"https:\/\/staging.internationalproblems.rs\/sr-latn\/wp-json\/wp\/v2\/types\/page"}],"author":[{"embeddable":true,"href":"https:\/\/staging.internationalproblems.rs\/sr-latn\/wp-json\/wp\/v2\/users\/1"}],"replies":[{"embeddable":true,"href":"https:\/\/staging.internationalproblems.rs\/sr-latn\/wp-json\/wp\/v2\/comments?post=595"}],"version-history":[{"count":5,"href":"https:\/\/staging.internationalproblems.rs\/sr-latn\/wp-json\/wp\/v2\/pages\/595\/revisions"}],"predecessor-version":[{"id":1652,"href":"https:\/\/staging.internationalproblems.rs\/sr-latn\/wp-json\/wp\/v2\/pages\/595\/revisions\/1652"}],"wp:attachment":[{"href":"https:\/\/staging.internationalproblems.rs\/sr-latn\/wp-json\/wp\/v2\/media?parent=595"}],"curies":[{"name":"wp","href":"https:\/\/api.w.org\/{rel}","templated":true}]}}