{"id":718,"date":"2022-11-08T13:46:57","date_gmt":"2022-11-08T13:46:57","guid":{"rendered":"https:\/\/staging.internationalproblems.rs\/?page_id=718"},"modified":"2022-11-08T13:48:02","modified_gmt":"2022-11-08T13:48:02","slug":"odricanje-odgovornosti","status":"publish","type":"page","link":"https:\/\/staging.internationalproblems.rs\/sr-latn\/odricanje-odgovornosti\/","title":{"rendered":"Odricanje odgovornosti"},"content":{"rendered":"\n<h2 class=\"wp-block-heading\">Odricanje odgovornosti<\/h2>\n\n\n\n<p class=\"has-medium-font-size\">Stavovi izneti u objavljenim radovima ne izra\u017eavaju stavove glavnog odgovornog urednika i Ure\u0111iva\u010dkog odbora.<\/p>\n\n\n\n<p class=\"has-medium-font-size\">Autori preuzimaju pravnu i moralnu odgovornost za ideje iznete u svojim radovima. Izdava\u010d ne\u0107e snositi nikakvu odgovornost u slu\u010daju ispostavljanja bilo kakvih zahteva za naknadu \u0161tete.<\/p>\n","protected":false},"excerpt":{"rendered":"<p>Odricanje odgovornosti Stavovi izneti u objavljenim radovima ne izra\u017eavaju stavove glavnog odgovornog urednika i Ure\u0111iva\u010dkog odbora. Autori preuzimaju pravnu i moralnu odgovornost za ideje iznete u svojim radovima. Izdava\u010d ne\u0107e snositi nikakvu odgovornost u slu\u010daju ispostavljanja bilo kakvih zahteva za naknadu \u0161tete.<\/p>\n","protected":false},"author":1,"featured_media":0,"parent":0,"menu_order":0,"comment_status":"closed","ping_status":"closed","template":"","meta":{"_monsterinsights_skip_tracking":false,"_monsterinsights_sitenote_active":false,"_monsterinsights_sitenote_note":"","_monsterinsights_sitenote_category":0,"_themeisle_gutenberg_block_has_review":false,"footnotes":""},"class_list":["post-718","page","type-page","status-publish","hentry"],"blocksy_meta":{"styles_descriptor":{"styles":{"desktop":"","tablet":"","mobile":""},"google_fonts":[],"version":6}},"aioseo_notices":[],"_links":{"self":[{"href":"https:\/\/staging.internationalproblems.rs\/sr-latn\/wp-json\/wp\/v2\/pages\/718","targetHints":{"allow":["GET"]}}],"collection":[{"href":"https:\/\/staging.internationalproblems.rs\/sr-latn\/wp-json\/wp\/v2\/pages"}],"about":[{"href":"https:\/\/staging.internationalproblems.rs\/sr-latn\/wp-json\/wp\/v2\/types\/page"}],"author":[{"embeddable":true,"href":"https:\/\/staging.internationalproblems.rs\/sr-latn\/wp-json\/wp\/v2\/users\/1"}],"replies":[{"embeddable":true,"href":"https:\/\/staging.internationalproblems.rs\/sr-latn\/wp-json\/wp\/v2\/comments?post=718"}],"version-history":[{"count":2,"href":"https:\/\/staging.internationalproblems.rs\/sr-latn\/wp-json\/wp\/v2\/pages\/718\/revisions"}],"predecessor-version":[{"id":720,"href":"https:\/\/staging.internationalproblems.rs\/sr-latn\/wp-json\/wp\/v2\/pages\/718\/revisions\/720"}],"wp:attachment":[{"href":"https:\/\/staging.internationalproblems.rs\/sr-latn\/wp-json\/wp\/v2\/media?parent=718"}],"curies":[{"name":"wp","href":"https:\/\/api.w.org\/{rel}","templated":true}]}}