{"id":733,"date":"2022-11-08T23:08:30","date_gmt":"2022-11-08T23:08:30","guid":{"rendered":"https:\/\/staging.internationalproblems.rs\/?page_id=733"},"modified":"2022-11-18T18:59:19","modified_gmt":"2022-11-18T18:59:19","slug":"plagijarizam","status":"publish","type":"page","link":"https:\/\/staging.internationalproblems.rs\/sr-latn\/plagijarizam\/","title":{"rendered":"Plagijarizam"},"content":{"rendered":"\n<h2 class=\"wp-block-heading\">Plagijarizam<\/h2>\n\n\n\n<p class=\"im_para has-medium-font-size\">Plagiranje \u2013 odnosno preuzimanje tu\u0111ih ideja, re\u010di ili drugih oblika kreativnog izraza i predstavljanje kao vlastitih, bez navo\u0111enja autora ili izvora \u2013 predstavlja grubo kr\u0161enje eti\u010dkih standarda u izdava\u0161tvu i propisanih Kodeksom pona\u0161anja u nau\u010dnoistra\u017eiva\u010dkom radu. Plagiranje mo\u017ee da uklju\u010duje i kr\u0161enje autorskih prava, \u0161to je zakonom ka\u017enjivo. <strong>Rukopisi koji se razmatraju za objavljivanje u \u010dasopisu <em>Me\u0111unarodni problemi<\/em>\/<em>International Problems<\/em> mogu biti podvrgnuti antiplagijatskoj proveri<\/strong>.<\/p>\n\n\n\n<p class=\"has-medium-font-size\">Plagiranje obuhvata slede\u0107e:<\/p>\n\n\n\n<ul class=\"has-medium-font-size wp-block-list\">\n<li>Doslovno ili gotovo doslovno preuzimanje ili prepri\u010davanje ili sa\u017eimanje tu\u0111eg teksta, u celini ili delovima, bez jasnog ukazivanja na njegovog autora i izvor ili bez jasnog obele\u017eavanja preuzetog dela teksta (npr. kori\u0161\u0107enjem navodnika);<\/li>\n\n\n\n<li>Predstavljanje tu\u0111ih ideja kao vlastitih, bez navo\u0111enja autora tih ideja i izvora u kojem su te ideje prvobitno predstavljene;<\/li>\n\n\n\n<li>Kopiranje slika ili tabela iz tu\u0111ih radova bez pravilnog navo\u0111enja izvora i\/ili bez dozvole autora ili nosilaca autorskih prava.<\/li>\n<\/ul>\n\n\n\n<p class=\"im_para has-medium-font-size\">Postupanje u slu\u010dajevima kada postoje jasne indicije da primljeni rukopis ili rad objavljen u \u010dasopisu predstavljaju plagijat opisano je u odeljcima <a href=\"https:\/\/staging.internationalproblems.rs\/krsenje-etike\/\" title=\"\">Postupanje u slu\u010dajevima neeti\u010dnog pona\u0161anja<\/a> i <a href=\"https:\/\/staging.internationalproblems.rs\/povlacenje-vec-objavljenih-radova\/\" title=\"Povla\u010denje ve\u0107 objavljenih radova\">Povla\u010denje ve\u0107 objavljenih radova<\/a>.<\/p>\n","protected":false},"excerpt":{"rendered":"<p>Plagijarizam Plagiranje \u2013 odnosno preuzimanje tu\u0111ih ideja, re\u010di ili drugih oblika kreativnog izraza i predstavljanje kao vlastitih, bez navo\u0111enja autora ili izvora \u2013 predstavlja grubo kr\u0161enje eti\u010dkih standarda u izdava\u0161tvu i propisanih Kodeksom pona\u0161anja u nau\u010dnoistra\u017eiva\u010dkom radu. Plagiranje mo\u017ee da uklju\u010duje i kr\u0161enje autorskih prava, \u0161to je zakonom ka\u017enjivo. Rukopisi koji se razmatraju za objavljivanje [&hellip;]<\/p>\n","protected":false},"author":1,"featured_media":0,"parent":0,"menu_order":0,"comment_status":"closed","ping_status":"closed","template":"","meta":{"_monsterinsights_skip_tracking":false,"_monsterinsights_sitenote_active":false,"_monsterinsights_sitenote_note":"","_monsterinsights_sitenote_category":0,"_themeisle_gutenberg_block_has_review":false,"footnotes":""},"class_list":["post-733","page","type-page","status-publish","hentry"],"blocksy_meta":{"styles_descriptor":{"styles":{"desktop":"","tablet":"","mobile":""},"google_fonts":[],"version":6}},"aioseo_notices":[],"_links":{"self":[{"href":"https:\/\/staging.internationalproblems.rs\/sr-latn\/wp-json\/wp\/v2\/pages\/733","targetHints":{"allow":["GET"]}}],"collection":[{"href":"https:\/\/staging.internationalproblems.rs\/sr-latn\/wp-json\/wp\/v2\/pages"}],"about":[{"href":"https:\/\/staging.internationalproblems.rs\/sr-latn\/wp-json\/wp\/v2\/types\/page"}],"author":[{"embeddable":true,"href":"https:\/\/staging.internationalproblems.rs\/sr-latn\/wp-json\/wp\/v2\/users\/1"}],"replies":[{"embeddable":true,"href":"https:\/\/staging.internationalproblems.rs\/sr-latn\/wp-json\/wp\/v2\/comments?post=733"}],"version-history":[{"count":9,"href":"https:\/\/staging.internationalproblems.rs\/sr-latn\/wp-json\/wp\/v2\/pages\/733\/revisions"}],"predecessor-version":[{"id":986,"href":"https:\/\/staging.internationalproblems.rs\/sr-latn\/wp-json\/wp\/v2\/pages\/733\/revisions\/986"}],"wp:attachment":[{"href":"https:\/\/staging.internationalproblems.rs\/sr-latn\/wp-json\/wp\/v2\/media?parent=733"}],"curies":[{"name":"wp","href":"https:\/\/api.w.org\/{rel}","templated":true}]}}